{"id":2407,"date":"2025-11-03T18:31:54","date_gmt":"2025-11-03T16:31:54","guid":{"rendered":"https:\/\/lovingrebel.com\/?page_id=2407"},"modified":"2025-11-14T15:15:00","modified_gmt":"2025-11-14T13:15:00","slug":"soulful-mentoring-life-guidance","status":"publish","type":"page","link":"https:\/\/lovingrebel.com\/de\/soulful-mentoring-life-guidance\/","title":{"rendered":"Mentoring &amp; Life Guidance"},"content":{"rendered":"<h2 class=\"wp-block-heading has-lora-font-family has-custom-font\" style=\"font-family:Lora\"><strong>Soulful Mentoring &amp; Life Guidance<\/strong><\/h2>\n\n\n\n<p class=\"has-lora-font-family has-custom-font\" style=\"font-family:Lora\">Ich freue mich, endlich mein neues Angebot offiziell vorzustellen: Soulful Mentoring &amp; Life Guidance - eine herzbasierte Begleitung f\u00fcr alle, die sich mehr Klarheit, Ausrichtung und innere Verbundenheit w\u00fcnschen.\n\nF\u00fcr eine begrenzte Zeit biete ich diese Sitzungen zu einem Einf\u00fchrungspreis an, w\u00e4hrend ich diesen neuen Raum f\u00fcr Verbindung und Bewusstwerdung \u00f6ffne.<\/p>\n\n\n\n<p class=\"has-lora-font-family has-custom-font\" style=\"font-family:Lora\">Es ist meine nat\u00fcrliche Gabe, andere zu inspirieren, zu begleiten und zu unterst\u00fctzen - besonders dann, wenn sie sich festgefahren, unzufrieden oder \u00fcberfordert f\u00fchlen, aber sp\u00fcren, dass Ver\u00e4nderung n\u00f6tig und m\u00f6glich ist.<br>F\u00fcr alle, die sich nicht im Einklang mit sich selbst f\u00fchlen, etwas Orientierung suchen oder einfach bereit sind f\u00fcr eine sanfte Ver\u00e4nderung, biete ich hier einen gesch\u00fctzten Raum, um gesehen, geh\u00f6rt und mit Herz gef\u00fchrt zu werden.<\/p>\n\n\n\n<p class=\"has-lora-font-family has-custom-font\" style=\"font-family:Lora\">Jede Lebensreise ist einzigartig. <strong>In den vergangenen zehn Jahren durfte ich viele Menschen auf ihrem Weg zu mehr Zufriedenheit, Balance und innerer Klarheit begleiten<\/strong> - hin zu einem Leben, das ihrem wahren Selbst entspricht.<\/p>\n\n\n\n<p class=\"has-lora-font-family has-custom-font\" style=\"font-family:Lora\">Ich bin keine ausgebildete Coachin oder Beraterin. Was ich anbiete, stammt aus meiner pers\u00f6nlichen Erfahrung und meiner eigenen gelebten Transformation (erfahre mehr <a href=\"https:\/\/lovingrebel.com\/de\/about-2\/\" title=\"\">hier<\/a>), sowie der Weisheit, die ich auf meinem Weg gesammelt habe, verbunden mit meiner intuitiven F\u00e4higkeit, wahrzunehmen, was unter der Oberfl\u00e4che liegt. <\/p>\n\n\n\n<p class=\"has-lora-font-family has-custom-font\" style=\"font-family:Lora\">Meine Arbeit ist pers\u00f6nlich, intuitiv und beziehungsorientiert; sie folgt keinem festen Konzept oder Schema. Jede Sitzung entfaltet sich individuell, so wie du bist und was du gerade brauchst.<br>Es ist eine Verbindung aus <strong>intuitivem Gespr\u00e4ch, sanfter Reflexion, optionaler Energiearbeit und praktischer Begleitung,<\/strong> um dich dabei zu unterst\u00fctzen, deinen ganz eigenen, seelenverbundenen Weg zu erkennen und zu leben.<\/p>\n\n\n\n<p class=\"has-lora-font-family has-custom-font\" style=\"font-family:Lora\">In diesen <strong>Life Alignment Sessions<\/strong> oder <strong>Life Realignment Conversations<\/strong>, helfe ich dir, dich wieder mit deiner inneren Stimme und der Sehnsucht deines Herzens zu verbinden, um Klarheit, Vertrauen und Ausrichtung auf deinem Weg zu finden.<\/p>\n\n\n\n<hr class=\"wp-block-separator has-alpha-channel-opacity is-style-dots\"\/>\n\n\n\n<h2 class=\"wp-block-heading has-lora-font-family has-custom-font\" style=\"font-family:Lora\"><strong>Angebote<\/strong><\/h2>\n\n\n\n<p class=\"has-lora-font-family has-custom-font\" style=\"font-family:Lora\"><strong>20-Minuten Kennenlerngespr\u00e4ch: kostenlos<\/strong><br>Ein kurzes Gespr\u00e4ch, um gemeinsam zu schauen, wo du gerade stehst, was du suchst und wie wir zusammen arbeiten k\u00f6nnen.<\/p>\n\n\n\n<p class=\"has-lora-font-family has-custom-font\" style=\"font-family:Lora\"><strong>60-Minuten Soulful Mentoring &amp; Life Guidance:<\/strong><br>Eine intuitive, herzverbundene Sitzung, abgestimmt auf deine aktuelle Situation und dein Thema.<\/p>\n\n\n\n<p class=\"has-lora-font-family has-custom-font\" style=\"font-family:Lora\"><strong>Paket: 5 \u00d7 60-Minuten Sitzungen:<\/strong><br>F\u00fcr kontinuierliche Begleitung und tiefere Ver\u00e4nderung.<\/p>\n\n\n\n<p class=\"has-lora-font-family has-custom-font\" style=\"font-family:Lora\"><strong>1:1 Soul Mentoring w\u00e4hrend Retreats<\/strong><br>Personal guidance woven into your retreat journey.<\/p>\n\n\n\n<p class=\"has-lora-font-family has-custom-font\" style=\"font-family:Lora\"><strong>Add-On 45-Minuten Guidance Gespr\u00e4ch:<\/strong><br>Als Erg\u00e4nzung nach deiner <strong>Reiki-<\/strong> oder <strong>Klangtherapie<\/strong> session for deeper reflection and integration.<\/p>\n\n\n\n<hr class=\"wp-block-separator has-alpha-channel-opacity is-style-dots\"\/>\n\n\n\n<h4 class=\"wp-block-heading has-text-color has-link-color has-lora-font-family has-custom-font wp-elements-9612cfab609b045bd919689f4052f3a1\" style=\"color:#a69992;font-family:Lora\"><strong>Wenn du dich nach Klarheit, Ausrichtung oder einem Raum sehnst, in dem du einfach du selbst sein darfst:<\/strong>:<\/h4>\n\n\n\n<p class=\"has-lora-font-family has-custom-font\" style=\"font-family:Lora\">Melde dich gern f\u00fcr ein kostenloses Kennenlerngespr\u00e4ch. Lass uns gemeinsam den Weg zur\u00fcck zu deinem Herzen und deiner Wahrheit beginnen.<\/p>\n\n\n\n<div class=\"wp-block-buttons is-layout-flex wp-block-buttons-is-layout-flex\">\n<div class=\"wp-block-button is-style-fill has-custom-font\" style=\"font-family:Lora;font-size:17px\"><a class=\"wp-block-button__link has-background has-lora-font-family wp-element-button\" href=\"https:\/\/lovingrebel.com\/de\/contact\/\" style=\"background-color:#a69992\">KONTAKT<\/a><\/div>\n<\/div>\n\n\n\n<p class=\"has-medium-font-size\"><\/p>\n\n\n\n<div class=\"wp-block-etb-grid etb-grid-9625e4f1 etb-has-bar etb_left has-box-shadow\">\n<div class=\"wp-block-etb-grid-item\"><div class=\"testimonial-header\"><div class=\"quote-icon\"><svg clip-rule=\"evenodd\" fill-rule=\"evenodd\" stroke-linejoin=\"round\" stroke-miterlimit=\"2\" viewbox=\"0 0 24 24\"><path d=\"m21.301 4c.411 0 .699.313.699.663 0 .248-.145.515-.497.702-1.788.948-3.858 4.226-3.858 6.248 3.016-.092 4.326 2.582 4.326 4.258 0 2.007-1.738 4.129-4.308 4.129-3.24 0-4.83-2.547-4.83-5.307 0-5.98 6.834-10.693 8.468-10.693zm-10.833 0c.41 0 .699.313.699.663 0 .248-.145.515-.497.702-1.788.948-3.858 4.226-3.858 6.248 3.016-.092 4.326 2.582 4.326 4.258 0 2.007-1.739 4.129-4.308 4.129-3.241 0-4.83-2.547-4.83-5.307 0-5.98 6.833-10.693 8.468-10.693z\" fill-rule=\"nonzero\"><\/path><\/svg><\/div><div class=\"rating\"><div class=\"rating-value\">5<\/div><div class=\"etb-rating\" data-rate-value=\"5\"><\/div><\/div><\/div><p class=\"testimonial-message\"><em>\u201eIch war inspiriert von Vanessa und ihrer mutigen Entscheidung, ins Ausland zu ziehen, und sp\u00fcrte ein \u00e4hnliches Sehnsuchtsgef\u00fchl. Vanessa half mir dabei, einen Plan zu machen, um diese Sehnsucht in die Tat umzusetzen, herauszufinden, was ich wirklich wollte, dann einen konkreten Weg zu entwickeln und Schritt f\u00fcr Schritt umzusetzen. W\u00e4hrend des gesamten zweij\u00e4hrigen Prozesses hat sie mich immer wieder begleitet und unterst\u00fctzt, bis es endlich Wirklichkeit wurde! Ich bin so dankbar f\u00fcr ihre Begleitung und so gl\u00fccklich \u00fcber meine Entscheidung, selbst ins Ausland gezogen zu sein!\u201c<\/em><\/p><div class=\"reviewer-info\"><div class=\"reviewer-info-content\"><h4 class=\"reviewer-name\">Marie<\/h4><\/div><\/div><\/div>\n\n\n\n<div class=\"wp-block-etb-grid-item\"><div class=\"testimonial-header\"><div class=\"quote-icon\"><svg clip-rule=\"evenodd\" fill-rule=\"evenodd\" stroke-linejoin=\"round\" stroke-miterlimit=\"2\" viewbox=\"0 0 24 24\"><path d=\"m21.301 4c.411 0 .699.313.699.663 0 .248-.145.515-.497.702-1.788.948-3.858 4.226-3.858 6.248 3.016-.092 4.326 2.582 4.326 4.258 0 2.007-1.738 4.129-4.308 4.129-3.24 0-4.83-2.547-4.83-5.307 0-5.98 6.834-10.693 8.468-10.693zm-10.833 0c.41 0 .699.313.699.663 0 .248-.145.515-.497.702-1.788.948-3.858 4.226-3.858 6.248 3.016-.092 4.326 2.582 4.326 4.258 0 2.007-1.739 4.129-4.308 4.129-3.241 0-4.83-2.547-4.83-5.307 0-5.98 6.833-10.693 8.468-10.693z\" fill-rule=\"nonzero\"><\/path><\/svg><\/div><div class=\"rating\"><div class=\"rating-value\">5<\/div><div class=\"etb-rating\" data-rate-value=\"5\"><\/div><\/div><\/div><p class=\"testimonial-message\"><em>\u201eIch habe Vanessa in einer Zeit kennengelernt, in der ich extrem gestresst war, ungl\u00fccklich in meinem Job und Schwierigkeiten hatte, auf nat\u00fcrlichem Weg schwanger zu werden. Ich war bereits auf dem Weg zur IVF. Sie hat mich dazu inspiriert und ermutigt, Ver\u00e4nderungen in meinem Leben vorzunehmen und das habe ich getan. In der Woche, in der ich meinen Job k\u00fcndigte, wurde ich auf nat\u00fcrlichem Weg schwanger, weil der Stress von mir abfiel, und heute habe ich ein Baby und einen neuen Job, den ich liebe! Vielen Dank, liebe Vanessa, f\u00fcr deine Unterst\u00fctzung und Begleitung.\u201c<\/em><\/p><div class=\"reviewer-info\"><div class=\"reviewer-info-content\"><h4 class=\"reviewer-name\">Molly<\/h4><\/div><\/div><\/div>\n<\/div>","protected":false},"excerpt":{"rendered":"<p>Soulful Mentoring &amp; Life Guidance I am finally &#8230;<\/p>","protected":false},"author":1,"featured_media":0,"parent":0,"menu_order":0,"comment_status":"closed","ping_status":"closed","template":"","meta":{"_coblocks_attr":"Lora,Lato,Lora","_coblocks_dimensions":"","_coblocks_responsive_height":"","_coblocks_accordion_ie_support":"","_monsterinsights_skip_tracking":false,"_monsterinsights_sitenote_active":false,"_monsterinsights_sitenote_note":"","_monsterinsights_sitenote_category":0,"_uf_show_specific_survey":0,"_uf_disable_surveys":false,"footnotes":""},"class_list":["post-2407","page","type-page","status-publish","hentry"],"aioseo_notices":[],"_links":{"self":[{"href":"https:\/\/lovingrebel.com\/de\/wp-json\/wp\/v2\/pages\/2407","targetHints":{"allow":["GET"]}}],"collection":[{"href":"https:\/\/lovingrebel.com\/de\/wp-json\/wp\/v2\/pages"}],"about":[{"href":"https:\/\/lovingrebel.com\/de\/wp-json\/wp\/v2\/types\/page"}],"author":[{"embeddable":true,"href":"https:\/\/lovingrebel.com\/de\/wp-json\/wp\/v2\/users\/1"}],"replies":[{"embeddable":true,"href":"https:\/\/lovingrebel.com\/de\/wp-json\/wp\/v2\/comments?post=2407"}],"version-history":[{"count":17,"href":"https:\/\/lovingrebel.com\/de\/wp-json\/wp\/v2\/pages\/2407\/revisions"}],"predecessor-version":[{"id":2448,"href":"https:\/\/lovingrebel.com\/de\/wp-json\/wp\/v2\/pages\/2407\/revisions\/2448"}],"wp:attachment":[{"href":"https:\/\/lovingrebel.com\/de\/wp-json\/wp\/v2\/media?parent=2407"}],"curies":[{"name":"wp","href":"https:\/\/api.w.org\/{rel}","templated":true}]}}