{"id":156,"date":"2019-09-23T15:56:40","date_gmt":"2019-09-23T18:56:40","guid":{"rendered":"http:\/\/lovingrebel.com\/?page_id=156"},"modified":"2026-01-10T17:24:44","modified_gmt":"2026-01-10T15:24:44","slug":"home","status":"publish","type":"page","link":"https:\/\/lovingrebel.com\/de\/","title":{"rendered":""},"content":{"rendered":"<div class=\"wp-block-columns has-2-columns is-main-message is-layout-flex wp-container-core-columns-is-layout-9d6595d7 wp-block-columns-is-layout-flex\">\n<div class=\"wp-block-column is-layout-flow wp-block-column-is-layout-flow\">\n<h3 class=\"wp-block-heading\"><\/h3>\n\n\n\n<h4 class=\"wp-block-heading has-lora-font-family has-custom-font\" style=\"font-family:Lora\">Hallo, ich bin Vanessa Dinkhoff<\/h4>\n\n\n\n<p><\/p>\n\n\n\n<p class=\"has-lora-font-family has-custom-font\" style=\"font-family:Lora;font-size:17px\">Ich begleite andere dabei, wieder zu sich selbst zu finden in ihren K\u00f6rper, ihre Energie und ihren eigenen Weg mit der Hilfe von Yoga, Heilarbeit, Retreats und Soulful Mentoring.<\/p>\n\n\n\n<p class=\"has-lora-font-family has-custom-font\" style=\"font-family:Lora;font-size:17px\">Mein eigener Weg hat mich gelehrt, wie kraftvoll es ist, authentisch und im Gleichgewicht zu leben. Heute ist es meine Leidenschaft, diese Erfahrung weiterzugeben und dich darin zu unterst\u00fctzen, dasselbe zu erleben.<\/p>\n\n\n\n<p class=\"has-lora-font-family has-custom-font\" style=\"font-family:Lora;font-size:17px\">Ich glaube, dass wir alle ein inneres Licht in uns tragen, das darauf wartet, heller zu strahlen. <\/p>\n\n\n\n<p class=\"has-lora-font-family has-custom-font\" style=\"font-family:Lora;font-size:17px\">Meine Mission ist es, dich dabei zu begleiten, authentischer zu leben, dich tief mit der Wahrheit deines Herzens zu verbinden und mehr Balance, Gesundheit und Lebensfreude in dein Leben zu bringen.<br><\/p>\n<\/div>\n\n\n\n<div class=\"wp-block-column is-layout-flow wp-block-column-is-layout-flow\">\n<div style=\"height:80px\" aria-hidden=\"true\" class=\"wp-block-spacer\"><\/div>\n\n\n<div class=\"wp-block-image\">\n<figure class=\"aligncenter size-large\"><img fetchpriority=\"high\" decoding=\"async\" width=\"683\" height=\"1024\" src=\"https:\/\/lovingrebel.com\/wp-content\/uploads\/2023\/05\/Silence-Retreat-3-683x1024.jpeg\" alt=\"\" class=\"wp-image-1381\" srcset=\"https:\/\/lovingrebel.com\/wp-content\/uploads\/2023\/05\/Silence-Retreat-3-683x1024.jpeg 683w, https:\/\/lovingrebel.com\/wp-content\/uploads\/2023\/05\/Silence-Retreat-3-200x300.jpeg 200w, https:\/\/lovingrebel.com\/wp-content\/uploads\/2023\/05\/Silence-Retreat-3-768x1152.jpeg 768w, https:\/\/lovingrebel.com\/wp-content\/uploads\/2023\/05\/Silence-Retreat-3-300x450.jpeg 300w, https:\/\/lovingrebel.com\/wp-content\/uploads\/2023\/05\/Silence-Retreat-3-16x24.jpeg 16w, https:\/\/lovingrebel.com\/wp-content\/uploads\/2023\/05\/Silence-Retreat-3-24x36.jpeg 24w, https:\/\/lovingrebel.com\/wp-content\/uploads\/2023\/05\/Silence-Retreat-3-32x48.jpeg 32w, https:\/\/lovingrebel.com\/wp-content\/uploads\/2023\/05\/Silence-Retreat-3.jpeg 800w\" sizes=\"(max-width: 683px) 100vw, 683px\" \/><\/figure><\/div><\/div>\n<\/div>\n\n\n\n<div class=\"wp-block-group\"><div class=\"wp-block-group__inner-container is-layout-constrained wp-block-group-is-layout-constrained\">\n<h3 class=\"wp-block-heading has-lora-font-family has-custom-font\" style=\"font-family:Lora\"><em>Eine liebevolle Rebellin ist jemand, die tief auf ihr Herz h\u00f6rt, ihren eigenen Weg mit Mut und Mitgef\u00fchl geht und liebevoll hinterfragt, was sich nicht wahr anf\u00fchlt; nicht, um gegen etwas zu k\u00e4mpfen, sondern um authentisch zu leben und andere zu inspirieren, es ebenso zu tun.<\/em><\/h3>\n\n\n\n<p><\/p>\n<\/div><\/div>\n\n\n\n<p class=\"has-lora-font-family has-custom-font\" style=\"font-family:Lora;font-size:17px\">Als Yogalehrerin und Energieheilerin biete ich Wege an, um Balance in unserer hektischen Welt zu finden. Diese Praktiken haben mein Leben verwandelt, und sie k\u00f6nnen dir dabei helfen, dich wieder mit deinem authentischen Selbst zu verbinden, innere Harmonie wiederherzustellen und positive Ver\u00e4nderungen in deinem Alltag zu schaffen.<\/p>\n\n\n\n<div class=\"wp-block-columns is-layout-flex wp-container-core-columns-is-layout-9d6595d7 wp-block-columns-is-layout-flex\">\n<div class=\"wp-block-column is-layout-flow wp-block-column-is-layout-flow\" style=\"flex-basis:100%\">\n<figure class=\"wp-block-gallery has-nested-images columns-default is-cropped wp-block-gallery-1 is-layout-flex wp-block-gallery-is-layout-flex\">\n<figure class=\"wp-block-image size-large has-lightbox\"><a href=\"https:\/\/lovingrebel.com\/de\/blog\/\"><img decoding=\"async\" width=\"1024\" height=\"724\" data-id=\"2398\" src=\"https:\/\/lovingrebel.com\/wp-content\/uploads\/2025\/10\/1-2-1024x724.png\" alt=\"\" class=\"wp-image-2398\" srcset=\"https:\/\/lovingrebel.com\/wp-content\/uploads\/2025\/10\/1-2-1024x724.png 1024w, https:\/\/lovingrebel.com\/wp-content\/uploads\/2025\/10\/1-2-300x212.png 300w, https:\/\/lovingrebel.com\/wp-content\/uploads\/2025\/10\/1-2-768x543.png 768w, https:\/\/lovingrebel.com\/wp-content\/uploads\/2025\/10\/1-2-1536x1086.png 1536w, https:\/\/lovingrebel.com\/wp-content\/uploads\/2025\/10\/1-2-18x12.png 18w, https:\/\/lovingrebel.com\/wp-content\/uploads\/2025\/10\/1-2-86x60.png 86w, https:\/\/lovingrebel.com\/wp-content\/uploads\/2025\/10\/1-2-24x17.png 24w, https:\/\/lovingrebel.com\/wp-content\/uploads\/2025\/10\/1-2-36x25.png 36w, https:\/\/lovingrebel.com\/wp-content\/uploads\/2025\/10\/1-2-48x34.png 48w, https:\/\/lovingrebel.com\/wp-content\/uploads\/2025\/10\/1-2.png 2000w\" sizes=\"(max-width: 1024px) 100vw, 1024px\" \/><\/a><\/figure>\n\n\n\n<figure class=\"wp-block-image size-large has-lightbox\"><a href=\"https:\/\/lovingrebel.com\/de\/soulful-mentoring-life-guidance\/\"><img decoding=\"async\" width=\"1024\" height=\"724\" data-id=\"2404\" src=\"https:\/\/lovingrebel.com\/wp-content\/uploads\/2025\/10\/INSPIRATION-1024x724.png\" alt=\"\" class=\"wp-image-2404\" srcset=\"https:\/\/lovingrebel.com\/wp-content\/uploads\/2025\/10\/INSPIRATION-1024x724.png 1024w, https:\/\/lovingrebel.com\/wp-content\/uploads\/2025\/10\/INSPIRATION-300x212.png 300w, https:\/\/lovingrebel.com\/wp-content\/uploads\/2025\/10\/INSPIRATION-768x543.png 768w, https:\/\/lovingrebel.com\/wp-content\/uploads\/2025\/10\/INSPIRATION-1536x1086.png 1536w, https:\/\/lovingrebel.com\/wp-content\/uploads\/2025\/10\/INSPIRATION-18x12.png 18w, https:\/\/lovingrebel.com\/wp-content\/uploads\/2025\/10\/INSPIRATION-86x60.png 86w, https:\/\/lovingrebel.com\/wp-content\/uploads\/2025\/10\/INSPIRATION-24x17.png 24w, https:\/\/lovingrebel.com\/wp-content\/uploads\/2025\/10\/INSPIRATION-36x25.png 36w, https:\/\/lovingrebel.com\/wp-content\/uploads\/2025\/10\/INSPIRATION-48x34.png 48w, https:\/\/lovingrebel.com\/wp-content\/uploads\/2025\/10\/INSPIRATION.png 2000w\" sizes=\"(max-width: 1024px) 100vw, 1024px\" \/><\/a><\/figure>\n\n\n\n<figure class=\"wp-block-image size-large has-lightbox\"><a href=\"https:\/\/lovingrebel.com\/de\/yoga\/\"><img loading=\"lazy\" decoding=\"async\" width=\"1024\" height=\"724\" data-id=\"2400\" src=\"https:\/\/lovingrebel.com\/wp-content\/uploads\/2025\/10\/3-1-1024x724.png\" alt=\"\" class=\"wp-image-2400\" srcset=\"https:\/\/lovingrebel.com\/wp-content\/uploads\/2025\/10\/3-1-1024x724.png 1024w, https:\/\/lovingrebel.com\/wp-content\/uploads\/2025\/10\/3-1-300x212.png 300w, https:\/\/lovingrebel.com\/wp-content\/uploads\/2025\/10\/3-1-768x543.png 768w, https:\/\/lovingrebel.com\/wp-content\/uploads\/2025\/10\/3-1-1536x1086.png 1536w, https:\/\/lovingrebel.com\/wp-content\/uploads\/2025\/10\/3-1-18x12.png 18w, https:\/\/lovingrebel.com\/wp-content\/uploads\/2025\/10\/3-1-86x60.png 86w, https:\/\/lovingrebel.com\/wp-content\/uploads\/2025\/10\/3-1-24x17.png 24w, https:\/\/lovingrebel.com\/wp-content\/uploads\/2025\/10\/3-1-36x25.png 36w, https:\/\/lovingrebel.com\/wp-content\/uploads\/2025\/10\/3-1-48x34.png 48w, https:\/\/lovingrebel.com\/wp-content\/uploads\/2025\/10\/3-1.png 2000w\" sizes=\"(max-width: 1024px) 100vw, 1024px\" \/><\/a><\/figure>\n<\/figure>\n<\/div>\n<\/div>\n\n\n\n<p class=\"has-text-align-left has-lora-font-family has-custom-font\" style=\"font-family:Lora\"><\/p>\n\n\n\n<div class=\"wp-block-buttons is-layout-flex wp-block-buttons-is-layout-flex\">\n<div class=\"wp-block-button has-custom-font\" style=\"font-family:Lora\"><a class=\"wp-block-button__link has-background has-lora-font-family has-small-font-size has-custom-font-size wp-element-button\" href=\"https:\/\/lovingrebel.com\/de\/about-2\/\" style=\"border-radius:0px;background-color:#ce8372\"><strong>L<\/strong>EARN MORE<\/a><\/div>\n<\/div>\n\n\n\n<div class=\"wp-block-columns is-layout-flex wp-container-core-columns-is-layout-9d6595d7 wp-block-columns-is-layout-flex\">\n<div class=\"wp-block-column is-layout-flow wp-block-column-is-layout-flow\" style=\"flex-basis:100%\">\n<hr class=\"wp-block-separator has-alpha-channel-opacity is-style-dots\"\/>\n<\/div>\n<\/div>\n\n\n\n<div class=\"wp-block-etb-grid etb-grid-d5b8df67  has-box-shadow\">\n<div class=\"wp-block-etb-grid-item\"><div class=\"testimonial-header\"><div class=\"quote-icon\"><svg clip-rule=\"evenodd\" fill-rule=\"evenodd\" stroke-linejoin=\"round\" stroke-miterlimit=\"2\" viewbox=\"0 0 24 24\"><path d=\"m21.301 4c.411 0 .699.313.699.663 0 .248-.145.515-.497.702-1.788.948-3.858 4.226-3.858 6.248 3.016-.092 4.326 2.582 4.326 4.258 0 2.007-1.738 4.129-4.308 4.129-3.24 0-4.83-2.547-4.83-5.307 0-5.98 6.834-10.693 8.468-10.693zm-10.833 0c.41 0 .699.313.699.663 0 .248-.145.515-.497.702-1.788.948-3.858 4.226-3.858 6.248 3.016-.092 4.326 2.582 4.326 4.258 0 2.007-1.739 4.129-4.308 4.129-3.241 0-4.83-2.547-4.83-5.307 0-5.98 6.833-10.693 8.468-10.693z\" fill-rule=\"nonzero\"><\/path><\/svg><\/div><div class=\"rating\"><div class=\"rating-value\"><\/div><div class=\"etb-rating\" data-rate-value=\"5\"><\/div><\/div><\/div><p class=\"testimonial-message\"><em>&#8220;This was the best retreat weekend I have ever been on. Vanessa and Savannah not only curated a perfect flow of activities but also created a safe and open environment for everyone to be held. The location was magical and the food prepared by Moo left me feeling healthy, nourished and deeply loved. Every moment of this weekend was a step closer to the core of who we are and a reminder to slow down and be present. I will forever cherish the lessons, the love and the acceptance I felt from this weekend. Thank you from the bottom of my very open heart&#8221;<\/em><\/p><div class=\"reviewer-info\"><div class=\"reviewer-info-content\"><h4 class=\"reviewer-name\">&#8211; Anna<\/h4><\/div><\/div><\/div>\n\n\n\n<div class=\"wp-block-etb-grid-item\"><div class=\"testimonial-header\"><div class=\"quote-icon\"><svg clip-rule=\"evenodd\" fill-rule=\"evenodd\" stroke-linejoin=\"round\" stroke-miterlimit=\"2\" viewbox=\"0 0 24 24\"><path d=\"m21.301 4c.411 0 .699.313.699.663 0 .248-.145.515-.497.702-1.788.948-3.858 4.226-3.858 6.248 3.016-.092 4.326 2.582 4.326 4.258 0 2.007-1.738 4.129-4.308 4.129-3.24 0-4.83-2.547-4.83-5.307 0-5.98 6.834-10.693 8.468-10.693zm-10.833 0c.41 0 .699.313.699.663 0 .248-.145.515-.497.702-1.788.948-3.858 4.226-3.858 6.248 3.016-.092 4.326 2.582 4.326 4.258 0 2.007-1.739 4.129-4.308 4.129-3.241 0-4.83-2.547-4.83-5.307 0-5.98 6.833-10.693 8.468-10.693z\" fill-rule=\"nonzero\"><\/path><\/svg><\/div><div class=\"rating\"><div class=\"rating-value\"><\/div><div class=\"etb-rating\" data-rate-value=\"5\"><\/div><\/div><\/div><p class=\"testimonial-message\">&#8220;<em>Thank you to Vanessa and Karoline for a very special retreat. I came away from the retreat feeling renewed and recharged with skills to help me maintain my healthy body and mind. So much effort was put into each element of the retreat; the setting in the beautiful Piketberg mountains, the order and nature of the activities, the food, etc etc. Both Vanessa and Karoline hold a safe, calm and nurturing space to allow each participant to feel at ease in every activity. I will be back!!<\/em>&#8220;<\/p><div class=\"reviewer-info\"><div class=\"reviewer-info-content\"><h4 class=\"reviewer-name\">&#8211; Jacqui<\/h4><\/div><\/div><\/div>\n<\/div>\n\n\n\n<p><\/p>","protected":false},"excerpt":{"rendered":"<p>Hi, I&#8217;m Vanessa I am guiding others home &#8230;<\/p>","protected":false},"author":1,"featured_media":0,"parent":0,"menu_order":0,"comment_status":"closed","ping_status":"closed","template":"","meta":{"_coblocks_attr":"Lora,Lato,Lora","_coblocks_dimensions":"","_coblocks_responsive_height":"","_coblocks_accordion_ie_support":"","_monsterinsights_skip_tracking":false,"_monsterinsights_sitenote_active":false,"_monsterinsights_sitenote_note":"","_monsterinsights_sitenote_category":0,"_uf_show_specific_survey":0,"_uf_disable_surveys":false,"footnotes":""},"class_list":["post-156","page","type-page","status-publish","hentry"],"aioseo_notices":[],"_links":{"self":[{"href":"https:\/\/lovingrebel.com\/de\/wp-json\/wp\/v2\/pages\/156","targetHints":{"allow":["GET"]}}],"collection":[{"href":"https:\/\/lovingrebel.com\/de\/wp-json\/wp\/v2\/pages"}],"about":[{"href":"https:\/\/lovingrebel.com\/de\/wp-json\/wp\/v2\/types\/page"}],"author":[{"embeddable":true,"href":"https:\/\/lovingrebel.com\/de\/wp-json\/wp\/v2\/users\/1"}],"replies":[{"embeddable":true,"href":"https:\/\/lovingrebel.com\/de\/wp-json\/wp\/v2\/comments?post=156"}],"version-history":[{"count":118,"href":"https:\/\/lovingrebel.com\/de\/wp-json\/wp\/v2\/pages\/156\/revisions"}],"predecessor-version":[{"id":2496,"href":"https:\/\/lovingrebel.com\/de\/wp-json\/wp\/v2\/pages\/156\/revisions\/2496"}],"wp:attachment":[{"href":"https:\/\/lovingrebel.com\/de\/wp-json\/wp\/v2\/media?parent=156"}],"curies":[{"name":"wp","href":"https:\/\/api.w.org\/{rel}","templated":true}]}}