{"id":1310,"date":"2022-12-14T06:23:01","date_gmt":"2022-12-14T09:23:01","guid":{"rendered":"http:\/\/lovingrebel.com\/?page_id=1310"},"modified":"2025-11-19T09:04:04","modified_gmt":"2025-11-19T07:04:04","slug":"services","status":"publish","type":"page","link":"https:\/\/lovingrebel.com\/de\/services\/","title":{"rendered":""},"content":{"rendered":"<h2 class=\"wp-block-heading has-text-color has-lora-font-family has-custom-font\" style=\"color:#213b5c;font-family:Lora\"><strong>KLANGTHERAPIE<\/strong><\/h2>\n\n\n\n<p class=\"has-lora-font-family has-custom-font\" style=\"font-family:Lora\"><\/p>\n\n\n\n<p class=\"has-lora-font-family has-custom-font\" style=\"font-family:Lora\"><strong>\u00d6ffentliche Gruppen-Klangreisen (75-90min):<\/strong><\/p>\n\n\n\n<p class=\"has-lora-font-family has-custom-font\" style=\"font-family:Lora\">Ich leite regelm\u00e4\u00dfig eine Vielfalt von Klang-Heilreisen in Yogastudios rund um Kapstadt und manchmal in Deutschland auf meinen Reisen. Bitte schau unter <a href=\"https:\/\/lovingrebel.com\/de\/events\/\" title=\"Veranstaltungen\">Veranstaltungen<\/a> nach, um \u00fcber das n\u00e4chste Event zu erfahren. <br><br>Preis: 25 - 35 Euro pp<\/p>\n\n\n\n<hr class=\"wp-block-separator has-alpha-channel-opacity is-style-dots\"\/>\n\n\n\n<p class=\"has-lora-font-family has-custom-font\" style=\"font-family:Lora\"><strong>Private Gruppen-Klangreise (90min):<\/strong><\/p>\n\n\n\n<p class=\"has-lora-font-family has-custom-font\" style=\"font-family:Lora\">Erlebe die heilende Kraft des Klangs in der Gem\u00fctlichkeit deines Zuhauses, Airbnb oder in einem Yogastudio gegen Aufpreis. Gruppen-Klangtherapie-Sitzungen sind auch beliebt f\u00fcr besondere Anl\u00e4sse wie Junggesellinnenabschiede, Frauenrunde vor der Hochzeit, Babypartys und Firmenveranstaltungen. Die Sitzung beinhaltet Erdung, sanfte Bewegung, Pranayama-Atmung, Klangtherapie und einen aromatischen Tee. <br><br>Preise: <br>3-5 Personen: 31 Euro pp<br>6-9 Personen: 26 Euro pp<br>10-14 Personen: 22 Euro pp<br>15+: bitte anfragen<\/p>\n\n\n\n<p><\/p>\n\n\n\n<hr class=\"wp-block-separator has-alpha-channel-opacity is-style-dots\"\/>\n\n\n\n<p class=\"has-lora-font-family has-custom-font\" style=\"font-family:Lora\"><strong>Private Klangtherapie<\/strong> | <strong>Einzelsitzung<\/strong> <strong>(75-90min):<\/strong>:<\/p>\n\n\n\n<p class=\"has-lora-font-family has-custom-font\" style=\"font-family:Lora\">Diese Sitzungen finden entweder in der Gem\u00fctlichkeit deines Zuhauses oder alternativ in meinem Haus in Capri statt. In einer privaten Klangtherapie-Sitzung k\u00f6nnen die individuellen Bed\u00fcrfnisse oder Probleme des Klienten angesprochen werden. <\/p>\n\n\n\n<p class=\"has-lora-font-family has-custom-font\" style=\"font-family:Lora\">Hilfreich bei: Genesung nach Krankheit\/Verletzung\/Operation, Angst- und Stressreduktion, Chakra-Ausgleich, Stimulation des Immunsystems, Schlafproblemen, Spannungskopfschmerzen, Muskelverspannungen, mentaler Ersch\u00f6pfung, Ruhe &amp; Entspannung, Reduktion von Gedankenkreisen, mentaler Klarheit, kreativem Fluss<\/p>\n\n\n\n<p class=\"has-lora-font-family has-custom-font\" style=\"font-family:Lora\">Preis: 75 Euro pp<\/p>\n\n\n\n<hr class=\"wp-block-separator has-alpha-channel-opacity is-style-dots\"\/>\n\n\n\n<p class=\"has-lora-font-family has-custom-font\" style=\"font-family:Lora\"><strong>Paar-Klangtherapie (75-90min):<\/strong><\/p>\n\n\n\n<p class=\"has-lora-font-family has-custom-font\" style=\"font-family:Lora\">Diese Sitzungen finden entweder in der Gem\u00fctlichkeit eures Zuhauses oder alternativ in meinem Haus in Capri, Kapstadt statt. Private Klangtherapie f\u00fcr Paare dient der tiefen Entspannung, dem Chakra-Ausgleich und der Harmonisierung von K\u00f6rper und Geist.<\/p>\n\n\n\n<p class=\"has-lora-font-family has-custom-font\" style=\"font-family:Lora\">Preis: 56 Euro pp<\/p>\n\n\n\n<hr class=\"wp-block-separator has-alpha-channel-opacity is-style-dots\"\/>\n\n\n\n<p class=\"has-lora-font-family has-custom-font\" style=\"font-family:Lora\"><strong>Postpartale Klangtherapie | Private Mama &amp; Baby (45-60min):<\/strong><\/p>\n\n\n\n<p class=\"has-lora-font-family has-custom-font\" style=\"font-family:Lora\">Diese Sitzungen finden in der Gem\u00fctlichkeit deines Zuhauses statt und sind sehr individuell auf den F\u00fctterungs- und Schlafrhythmus deines Babys abgestimmt. <\/p>\n\n\n\n<p class=\"has-lora-font-family has-custom-font\" style=\"font-family:Lora\">Vorteile:<\/p>\n\n\n\n<ul class=\"wp-block-list\">\n<li>Verbessert die Schlafqualit\u00e4t f\u00fcr Mutter &amp; Baby<\/li>\n\n\n\n<li>Hilft bei der Milchproduktion durch Entspannung<\/li>\n\n\n\n<li>Gleicht Hormone durch Stressreduktion aus<\/li>\n\n\n\n<li>Schafft Bindungszeit mit dem Baby<\/li>\n\n\n\n<li>Beruhigt Schreibabys<\/li>\n\n\n\n<li>Reduziert postpartale Angst und Depression<\/li>\n<\/ul>\n\n\n\n<p class=\"has-lora-font-family has-custom-font\" style=\"font-family:Lora\">Preis: 50 Euro f\u00fcr Mama und Baby<\/p>\n\n\n\n<hr class=\"wp-block-separator has-alpha-channel-opacity is-style-dots\"\/>\n\n\n\n<p class=\"has-lora-font-family has-custom-font\" style=\"font-family:Lora\"><strong>Postpartale Klangtherapie | Private Gruppensitzungen (45-60min):<\/strong><\/p>\n\n\n\n<p class=\"has-lora-font-family has-custom-font\" style=\"font-family:Lora\">Diese Sitzungen finden in der Gem\u00fctlichkeit deines Zuhauses statt und sind sehr individuell auf den F\u00fctterungs- und Schlafrhythmus der Babys abgestimmt f\u00fcr Gruppen bis zu 4 Mamas und Babys. <\/p>\n\n\n\n<p class=\"has-lora-font-family has-custom-font\" style=\"font-family:Lora\">Preis: 32 Euro pro Mama und Baby<\/p>\n\n\n\n<hr class=\"wp-block-coblocks-dynamic-separator is-style-fullwidth\" style=\"height:50px\"\/>\n\n\n\n<h2 class=\"wp-block-heading has-text-color has-lora-font-family has-custom-font\" style=\"color:#213b5c;font-family:Lora\"><strong>YIN YOGA<\/strong><\/h2>\n\n\n<div class=\"wp-block-image\">\n<figure class=\"aligncenter size-large is-resized\"><img fetchpriority=\"high\" decoding=\"async\" width=\"1024\" height=\"356\" src=\"https:\/\/lovingrebel.com\/wp-content\/uploads\/2025\/11\/Screenshot-2025-11-19-at-09.01.09-1024x356.png\" alt=\"\" class=\"wp-image-2455\" style=\"width:495px;height:auto\" srcset=\"https:\/\/lovingrebel.com\/wp-content\/uploads\/2025\/11\/Screenshot-2025-11-19-at-09.01.09-1024x356.png 1024w, https:\/\/lovingrebel.com\/wp-content\/uploads\/2025\/11\/Screenshot-2025-11-19-at-09.01.09-300x104.png 300w, https:\/\/lovingrebel.com\/wp-content\/uploads\/2025\/11\/Screenshot-2025-11-19-at-09.01.09-768x267.png 768w, https:\/\/lovingrebel.com\/wp-content\/uploads\/2025\/11\/Screenshot-2025-11-19-at-09.01.09-1536x533.png 1536w, https:\/\/lovingrebel.com\/wp-content\/uploads\/2025\/11\/Screenshot-2025-11-19-at-09.01.09-18x6.png 18w, https:\/\/lovingrebel.com\/wp-content\/uploads\/2025\/11\/Screenshot-2025-11-19-at-09.01.09-24x8.png 24w, https:\/\/lovingrebel.com\/wp-content\/uploads\/2025\/11\/Screenshot-2025-11-19-at-09.01.09-36x13.png 36w, https:\/\/lovingrebel.com\/wp-content\/uploads\/2025\/11\/Screenshot-2025-11-19-at-09.01.09-48x17.png 48w, https:\/\/lovingrebel.com\/wp-content\/uploads\/2025\/11\/Screenshot-2025-11-19-at-09.01.09.png 1958w\" sizes=\"(max-width: 1024px) 100vw, 1024px\" \/><\/figure><\/div>\n\n\n<p class=\"has-lora-font-family has-custom-font\" style=\"font-family:Lora\"><strong>Online Yin Yoga<\/strong><\/p>\n\n\n\n<p class=\"has-lora-font-family has-custom-font\" style=\"font-family:Lora\">Jeden Sonntag 19:30-20:30 Uhr (GMT+2). Weitere Termine auf Anfrage.<\/p>\n\n\n\n<p class=\"has-lora-font-family has-custom-font\" style=\"font-family:Lora\"><strong>Prices:<\/strong><br>Drop-In: 7,50 Euro<br>5er-Klassenpaket: 34 Euro<br>10er-Klassenpaket: 63 Euro<\/p>\n\n\n\n<p class=\"has-lora-font-family has-custom-font\" style=\"font-family:Lora\">Bitte schreibe mir, wenn du teilnehmen m\u00f6chtest, und ich sende dir die Zahlungsdetails und den Zoom-Einladungslink.<br><br>F\u00fcr Kurse in Yogastudios schau bitte <a href=\"https:\/\/lovingrebel.com\/de\/events\/\" title=\"\">hier<\/a>. <\/p>\n\n\n\n<hr class=\"wp-block-coblocks-dynamic-separator is-style-fullwidth\" style=\"height:50px\"\/>\n\n\n\n<h2 class=\"wp-block-heading has-text-color has-lora-font-family has-custom-font\" style=\"color:#213b5c;font-family:Lora\"><strong>REIKI ENERGIEHEILUNG<\/strong><\/h2>\n\n\n\n<p class=\"has-lora-font-family has-custom-font\" style=\"font-family:Lora\">Reiki-Behandlungen werden normalerweise in der Gem\u00fctlichkeit deines Zuhauses oder alternativ in einem Yogastudio gegen Aufpreis durchgef\u00fchrt.<\/p>\n\n\n\n<p class=\"has-lora-font-family has-custom-font\" style=\"font-family:Lora\">Private Reiki-Behandlungen (75min): 60 Euro<\/p>\n\n\n\n<ul class=\"wp-block-list\">\n<li>Eine einzelne Sitzung dient der Energiesteigerung und dem Ausgleich deiner Chakras sowie der Wiederherstellung des normalen K\u00f6rperzustands<\/li>\n\n\n\n<li>Bei ernsteren Beschwerden oder chronischen Krankheiten sind mindestens 3-4 Sitzungen notwendig, je nach spezifischer Beschwerde.<\/li>\n<\/ul>\n\n\n\n<hr class=\"wp-block-coblocks-dynamic-separator is-style-fullwidth\" style=\"height:50px\"\/>\n\n\n\n<p class=\"has-text-color\" style=\"color:#213b5c\"><\/p>\n\n\n\n<p class=\"has-lora-font-family has-custom-font\" style=\"font-family:Lora\">Alle privaten Buchungen k\u00f6nnen mit Atemarbeit, Meditation und Achtsamkeits\u00fcbungen kombiniert werden. Falls du einen Kurs, eine Behandlung oder Sitzung buchen m\u00f6chtest, weitere Fragen hast oder mehr Informationen ben\u00f6tigst, kontaktiere mich gerne.<\/p>\n\n\n\n<div class=\"wp-block-buttons is-content-justification-center is-layout-flex wp-container-core-buttons-is-layout-16018d1d wp-block-buttons-is-layout-flex\">\n<div class=\"wp-block-button\"><a class=\"wp-block-button__link has-background has-small-font-size has-custom-font-size wp-element-button\" href=\"https:\/\/lovingrebel.com\/de\/contact\/\" style=\"border-radius:0px;background-color:#263b5e\">KONTAKT<\/a><\/div>\n<\/div>","protected":false},"excerpt":{"rendered":"<p>SOUND HEALING Public Group Sound Journeys (75-90min): I &#8230;<\/p>","protected":false},"author":1,"featured_media":0,"parent":0,"menu_order":0,"comment_status":"closed","ping_status":"closed","template":"","meta":{"_coblocks_attr":"Lora,Lato,Lora","_coblocks_dimensions":"","_coblocks_responsive_height":"","_coblocks_accordion_ie_support":"","_monsterinsights_skip_tracking":false,"_monsterinsights_sitenote_active":false,"_monsterinsights_sitenote_note":"","_monsterinsights_sitenote_category":0,"_uf_show_specific_survey":0,"_uf_disable_surveys":false,"footnotes":""},"class_list":["post-1310","page","type-page","status-publish","hentry"],"aioseo_notices":[],"_links":{"self":[{"href":"https:\/\/lovingrebel.com\/de\/wp-json\/wp\/v2\/pages\/1310","targetHints":{"allow":["GET"]}}],"collection":[{"href":"https:\/\/lovingrebel.com\/de\/wp-json\/wp\/v2\/pages"}],"about":[{"href":"https:\/\/lovingrebel.com\/de\/wp-json\/wp\/v2\/types\/page"}],"author":[{"embeddable":true,"href":"https:\/\/lovingrebel.com\/de\/wp-json\/wp\/v2\/users\/1"}],"replies":[{"embeddable":true,"href":"https:\/\/lovingrebel.com\/de\/wp-json\/wp\/v2\/comments?post=1310"}],"version-history":[{"count":63,"href":"https:\/\/lovingrebel.com\/de\/wp-json\/wp\/v2\/pages\/1310\/revisions"}],"predecessor-version":[{"id":2457,"href":"https:\/\/lovingrebel.com\/de\/wp-json\/wp\/v2\/pages\/1310\/revisions\/2457"}],"wp:attachment":[{"href":"https:\/\/lovingrebel.com\/de\/wp-json\/wp\/v2\/media?parent=1310"}],"curies":[{"name":"wp","href":"https:\/\/api.w.org\/{rel}","templated":true}]}}